{"id":2,"date":"2025-07-25T16:11:35","date_gmt":"2025-07-25T14:11:35","guid":{"rendered":"https:\/\/www.sloneczko-przedszkole.com.pl\/siekierki\/?page_id=2"},"modified":"2025-08-11T18:50:42","modified_gmt":"2025-08-11T16:50:42","slug":"przykladowa-strona","status":"publish","type":"page","link":"https:\/\/www.sloneczko-przedszkole.com.pl\/siekierki\/","title":{"rendered":"Strona g\u0142\u00f3wna"},"content":{"rendered":"\t\t<div data-elementor-type=\"wp-page\" data-elementor-id=\"2\" class=\"elementor elementor-2\" data-elementor-post-type=\"page\">\n\t\t\t\t<div class=\"elementor-element elementor-element-61d2aac e-flex e-con-boxed wpr-particle-no wpr-jarallax-no wpr-parallax-no wpr-sticky-section-no wpr-equal-height-no e-con e-parent\" data-id=\"61d2aac\" data-element_type=\"container\" data-e-type=\"container\">\n\t\t\t\t\t<div class=\"e-con-inner\">\n\t\t<div class=\"elementor-element elementor-element-1228d39 e-con-full e-flex wpr-particle-no wpr-jarallax-no wpr-parallax-no wpr-sticky-section-no wpr-equal-height-no e-con e-child\" data-id=\"1228d39\" data-element_type=\"container\" data-e-type=\"container\">\n\t\t\t\t<div class=\"elementor-element elementor-element-41d93cb elementor-widget elementor-widget-image\" data-id=\"41d93cb\" data-element_type=\"widget\" data-e-type=\"widget\" data-widget_type=\"image.default\">\n\t\t\t\t\t\t\t\t\t\t\t\t\t\t\t<img fetchpriority=\"high\" decoding=\"async\" width=\"1000\" height=\"667\" src=\"https:\/\/www.sloneczko-przedszkole.com.pl\/siekierki\/wp-content\/uploads\/sites\/4\/2025\/07\/children-playing-grass.jpg\" class=\"attachment-large size-large wp-image-21\" alt=\"\" srcset=\"https:\/\/www.sloneczko-przedszkole.com.pl\/siekierki\/wp-content\/uploads\/sites\/4\/2025\/07\/children-playing-grass.jpg 1000w, https:\/\/www.sloneczko-przedszkole.com.pl\/siekierki\/wp-content\/uploads\/sites\/4\/2025\/07\/children-playing-grass-300x200.jpg 300w, https:\/\/www.sloneczko-przedszkole.com.pl\/siekierki\/wp-content\/uploads\/sites\/4\/2025\/07\/children-playing-grass-768x512.jpg 768w\" sizes=\"(max-width: 1000px) 100vw, 1000px\" \/>\t\t\t\t\t\t\t\t\t\t\t\t\t\t\t<\/div>\n\t\t\t\t<\/div>\n\t\t<div class=\"elementor-element elementor-element-2c37935 e-con-full e-flex wpr-particle-no wpr-jarallax-no wpr-parallax-no wpr-sticky-section-no wpr-equal-height-no e-con e-child\" data-id=\"2c37935\" data-element_type=\"container\" data-e-type=\"container\">\n\t\t\t\t<div class=\"elementor-element elementor-element-13331dd elementor-widget elementor-widget-heading\" data-id=\"13331dd\" data-element_type=\"widget\" data-e-type=\"widget\" data-widget_type=\"heading.default\">\n\t\t\t\t\t<h2 class=\"elementor-heading-title elementor-size-default\">Witamy w Przedszkolu \u201eS\u0142oneczko\u201d <br>w Siekierkach Wielkich!<\/h2>\t\t\t\t<\/div>\n\t\t\t\t<div class=\"elementor-element elementor-element-38afd36 elementor-widget elementor-widget-text-editor\" data-id=\"38afd36\" data-element_type=\"widget\" data-e-type=\"widget\" data-widget_type=\"text-editor.default\">\n\t\t\t\t\t\t\t\t\t<p><strong>Tu ka\u017cde dziecko rozkwita w swoim tempie \u2013 bezpiecznie, rado\u015bnie i z u\u015bmiechem.<\/strong><\/p><p>Nasze Niepubliczne Przedszkole z oddzia\u0142ami integracyjnymi \u201eS\u0142oneczko\u201d to miejsce, w kt\u00f3rym dzieci czuj\u0105 si\u0119 kochane, rozumiane i wspierane. Tworzymy kameraln\u0105 i przyjazn\u0105 przestrze\u0144, w kt\u00f3rej ka\u017cde dziecko \u2013 niezale\u017cnie od swoich potrzeb i mo\u017cliwo\u015bci \u2013 mo\u017ce rozwija\u0107 si\u0119 w swoim tempie.<\/p>\t\t\t\t\t\t\t\t<\/div>\n\t\t\t\t<\/div>\n\t\t\t\t\t<\/div>\n\t\t\t\t<\/div>\n\t\t<div class=\"elementor-element elementor-element-328edd4 e-flex e-con-boxed wpr-particle-no wpr-jarallax-no wpr-parallax-no wpr-sticky-section-no wpr-equal-height-no e-con e-parent\" data-id=\"328edd4\" data-element_type=\"container\" data-e-type=\"container\">\n\t\t\t\t\t<div class=\"e-con-inner\">\n\t\t\t\t<div class=\"elementor-element elementor-element-afaf259 elementor-widget elementor-widget-google_maps\" data-id=\"afaf259\" data-element_type=\"widget\" data-e-type=\"widget\" data-widget_type=\"google_maps.default\">\n\t\t\t\t\t\t\t<div class=\"elementor-custom-embed\">\n\t\t\t<iframe loading=\"lazy\"\n\t\t\t\t\tsrc=\"https:\/\/maps.google.com\/maps?q=ul.%20Klonowa%2010%2C%20Siekierki%20Wielkie&#038;t=m&#038;z=14&#038;output=embed&#038;iwloc=near\"\n\t\t\t\t\ttitle=\"ul. Klonowa 10, Siekierki Wielkie\"\n\t\t\t\t\taria-label=\"ul. Klonowa 10, Siekierki Wielkie\"\n\t\t\t><\/iframe>\n\t\t<\/div>\n\t\t\t\t\t\t<\/div>\n\t\t\t\t\t<\/div>\n\t\t\t\t<\/div>\n\t\t\t\t<\/div>\n\t\t","protected":false},"excerpt":{"rendered":"<p>Witamy w Przedszkolu \u201eS\u0142oneczko\u201d w Siekierkach Wielkich! Tu ka\u017cde dziecko rozkwita w swoim tempie \u2013 bezpiecznie, rado\u015bnie i z u\u015bmiechem. Nasze Niepubliczne Przedszkole z oddzia\u0142ami integracyjnymi \u201eS\u0142oneczko\u201d to miejsce, w kt\u00f3rym dzieci czuj\u0105 si\u0119 kochane, rozumiane i wspierane. Tworzymy kameraln\u0105 i przyjazn\u0105 przestrze\u0144, w kt\u00f3rej ka\u017cde dziecko \u2013 niezale\u017cnie od<\/p>\n","protected":false},"author":1,"featured_media":0,"parent":0,"menu_order":0,"comment_status":"closed","ping_status":"open","template":"elementor_header_footer","meta":{"ngg_post_thumbnail":0,"footnotes":""},"class_list":["post-2","page","type-page","status-publish","hentry"],"_links":{"self":[{"href":"https:\/\/www.sloneczko-przedszkole.com.pl\/siekierki\/wp-json\/wp\/v2\/pages\/2","targetHints":{"allow":["GET"]}}],"collection":[{"href":"https:\/\/www.sloneczko-przedszkole.com.pl\/siekierki\/wp-json\/wp\/v2\/pages"}],"about":[{"href":"https:\/\/www.sloneczko-przedszkole.com.pl\/siekierki\/wp-json\/wp\/v2\/types\/page"}],"author":[{"embeddable":true,"href":"https:\/\/www.sloneczko-przedszkole.com.pl\/siekierki\/wp-json\/wp\/v2\/users\/1"}],"replies":[{"embeddable":true,"href":"https:\/\/www.sloneczko-przedszkole.com.pl\/siekierki\/wp-json\/wp\/v2\/comments?post=2"}],"version-history":[{"count":14,"href":"https:\/\/www.sloneczko-przedszkole.com.pl\/siekierki\/wp-json\/wp\/v2\/pages\/2\/revisions"}],"predecessor-version":[{"id":102,"href":"https:\/\/www.sloneczko-przedszkole.com.pl\/siekierki\/wp-json\/wp\/v2\/pages\/2\/revisions\/102"}],"wp:attachment":[{"href":"https:\/\/www.sloneczko-przedszkole.com.pl\/siekierki\/wp-json\/wp\/v2\/media?parent=2"}],"curies":[{"name":"wp","href":"https:\/\/api.w.org\/{rel}","templated":true}]}}