{"id":32,"date":"2025-07-28T08:28:05","date_gmt":"2025-07-28T06:28:05","guid":{"rendered":"https:\/\/www.sloneczko-przedszkole.com.pl\/siekierki\/?page_id=32"},"modified":"2025-08-04T07:09:35","modified_gmt":"2025-08-04T05:09:35","slug":"grupy","status":"publish","type":"page","link":"https:\/\/www.sloneczko-przedszkole.com.pl\/siekierki\/grupy\/","title":{"rendered":"Grupy"},"content":{"rendered":"\t\t<div data-elementor-type=\"wp-page\" data-elementor-id=\"32\" class=\"elementor elementor-32\" data-elementor-post-type=\"page\">\n\t\t\t\t<div class=\"elementor-element elementor-element-be8ad2b e-flex e-con-boxed wpr-particle-no wpr-jarallax-no wpr-parallax-no wpr-sticky-section-no wpr-equal-height-no e-con e-parent\" data-id=\"be8ad2b\" data-element_type=\"container\" data-e-type=\"container\">\n\t\t\t\t\t<div class=\"e-con-inner\">\n\t\t\t\t<div class=\"elementor-element elementor-element-54b6c19 elementor-widget elementor-widget-text-editor\" data-id=\"54b6c19\" data-element_type=\"widget\" data-e-type=\"widget\" data-widget_type=\"text-editor.default\">\n\t\t\t\t\t\t\t\t\t<p>Pracujemy w trzech grupach wiekowych:<\/p><ul><li><strong>\u015alimaczki<\/strong> \u2013 najm\u0142odsze przedszkolaki, stawiaj\u0105ce pierwsze kroki w edukacji,<\/li><li><strong>Muchomorki<\/strong> \u2013 energiczne \u015bredniaki, odkrywaj\u0105ce \u015bwiat z ciekawo\u015bci\u0105,<\/li><li><strong>Stokrotki i Mr\u00f3wki z Zer\u00f3wki<\/strong> \u2013 nasi najstarsi podopieczni, gotowi do szkolnych wyzwa\u0144.<\/li><\/ul><p>Dzieci maj\u0105 zapewnione <strong>trzy pyszne i zbilansowane posi\u0142ki dziennie<\/strong>, a <strong>koszt wy\u017cywienia pokrywa przedszkole<\/strong> \u2013 bo zdrowie i dobre samopoczucie naszych maluch\u00f3w to dla nas priorytet.<\/p>\t\t\t\t\t\t\t\t<\/div>\n\t\t\t\t\t<\/div>\n\t\t\t\t<\/div>\n\t\t\t\t<\/div>\n\t\t","protected":false},"excerpt":{"rendered":"<p>Pracujemy w trzech grupach wiekowych: \u015alimaczki \u2013 najm\u0142odsze przedszkolaki, stawiaj\u0105ce pierwsze kroki w edukacji, Muchomorki \u2013 energiczne \u015bredniaki, odkrywaj\u0105ce \u015bwiat z ciekawo\u015bci\u0105, Stokrotki i Mr\u00f3wki z Zer\u00f3wki \u2013 nasi najstarsi podopieczni, gotowi do szkolnych wyzwa\u0144. Dzieci maj\u0105 zapewnione trzy pyszne i zbilansowane posi\u0142ki dziennie, a koszt wy\u017cywienia pokrywa przedszkole \u2013<\/p>\n","protected":false},"author":1,"featured_media":0,"parent":0,"menu_order":0,"comment_status":"closed","ping_status":"closed","template":"","meta":{"ngg_post_thumbnail":0,"footnotes":""},"class_list":["post-32","page","type-page","status-publish","hentry"],"_links":{"self":[{"href":"https:\/\/www.sloneczko-przedszkole.com.pl\/siekierki\/wp-json\/wp\/v2\/pages\/32","targetHints":{"allow":["GET"]}}],"collection":[{"href":"https:\/\/www.sloneczko-przedszkole.com.pl\/siekierki\/wp-json\/wp\/v2\/pages"}],"about":[{"href":"https:\/\/www.sloneczko-przedszkole.com.pl\/siekierki\/wp-json\/wp\/v2\/types\/page"}],"author":[{"embeddable":true,"href":"https:\/\/www.sloneczko-przedszkole.com.pl\/siekierki\/wp-json\/wp\/v2\/users\/1"}],"replies":[{"embeddable":true,"href":"https:\/\/www.sloneczko-przedszkole.com.pl\/siekierki\/wp-json\/wp\/v2\/comments?post=32"}],"version-history":[{"count":4,"href":"https:\/\/www.sloneczko-przedszkole.com.pl\/siekierki\/wp-json\/wp\/v2\/pages\/32\/revisions"}],"predecessor-version":[{"id":91,"href":"https:\/\/www.sloneczko-przedszkole.com.pl\/siekierki\/wp-json\/wp\/v2\/pages\/32\/revisions\/91"}],"wp:attachment":[{"href":"https:\/\/www.sloneczko-przedszkole.com.pl\/siekierki\/wp-json\/wp\/v2\/media?parent=32"}],"curies":[{"name":"wp","href":"https:\/\/api.w.org\/{rel}","templated":true}]}}