{"id":34,"date":"2025-07-28T08:28:12","date_gmt":"2025-07-28T06:28:12","guid":{"rendered":"https:\/\/www.sloneczko-przedszkole.com.pl\/siekierki\/?page_id=34"},"modified":"2025-08-04T07:23:06","modified_gmt":"2025-08-04T05:23:06","slug":"oplaty","status":"publish","type":"page","link":"https:\/\/www.sloneczko-przedszkole.com.pl\/siekierki\/oplaty\/","title":{"rendered":"Klub Malucha"},"content":{"rendered":"\t\t<div data-elementor-type=\"wp-page\" data-elementor-id=\"34\" class=\"elementor elementor-34\" data-elementor-post-type=\"page\">\n\t\t\t\t<div class=\"elementor-element elementor-element-e114309 e-flex e-con-boxed wpr-particle-no wpr-jarallax-no wpr-parallax-no wpr-sticky-section-no wpr-equal-height-no e-con e-parent\" data-id=\"e114309\" data-element_type=\"container\" data-e-type=\"container\">\n\t\t\t\t\t<div class=\"e-con-inner\">\n\t\t\t\t<div class=\"elementor-element elementor-element-b8b409c elementor-widget elementor-widget-text-editor\" data-id=\"b8b409c\" data-element_type=\"widget\" data-e-type=\"widget\" data-widget_type=\"text-editor.default\">\n\t\t\t\t\t\t\t\t\t<h3>Klub Malucha \u201ePod S\u0142oneczkiem\u201d<\/h3><p><strong>Pierwsze kroki w \u015bwiecie rado\u015bci, zabawy i rozwoju!<\/strong><\/p><p>Klub Malucha \u201ePod S\u0142oneczkiem\u201d to wyj\u0105tkowe miejsce stworzone z my\u015bl\u0105 o najm\u0142odszych \u2013 zapraszamy dzieci ju\u017c od <strong>1. roku \u017cycia do 2,5 lat<\/strong>. To tutaj maluszki stawiaj\u0105 swoje pierwsze kroki poza domem, ucz\u0105c si\u0119 samodzielno\u015bci, nawi\u0105zuj\u0105c relacje z r\u00f3wie\u015bnikami i poznaj\u0105c \u015bwiat przez zabaw\u0119.<\/p><p>Nad codziennym bezpiecze\u0144stwem i rozwojem dzieci czuwaj\u0105 nasze <strong>kochane i troskliwe ciocie<\/strong> \u2013 pe\u0142ne ciep\u0142a, cierpliwo\u015bci i zaanga\u017cowania. Pomagaj\u0105 maluchom w \u0142agodnej adaptacji, wspieraj\u0105 ich emocjonalnie i przygotowuj\u0105 do p\u0142ynnego przej\u015bcia do przedszkola.<\/p><p>Ka\u017cdy dzie\u0144 w Klubiku to starannie zaplanowany czas pe\u0142en warto\u015bciowych aktywno\u015bci:<\/p><ul><li><strong>zaj\u0119cia ruchowe<\/strong>, kt\u00f3re wspieraj\u0105 rozw\u00f3j motoryczny,<\/li><li><strong>zabawy muzyczne<\/strong>, kt\u00f3re rozwijaj\u0105 s\u0142uch, rytm i wyobra\u017ani\u0119,<\/li><li><strong>zaj\u0119cia sensoryczne<\/strong>, kt\u00f3re wspomagaj\u0105 integracj\u0119 zmys\u0142ow\u0105.<\/li><\/ul><p>Ciocie prowadz\u0105 r\u00f3wnie\u017c:<\/p><ul><li><strong>gimnastyk\u0119 dla maluch\u00f3w<\/strong>,<\/li><li><strong>profilaktyk\u0119 logopedyczn\u0105<\/strong>,<\/li><li><strong>zabawy z elementami j\u0119zyka angielskiego<\/strong>, kt\u00f3re w naturalny spos\u00f3b oswajaj\u0105 dzieci z nowym j\u0119zykiem.<\/li><\/ul><p>Dbamy tak\u017ce o zdrow\u0105 i smaczn\u0105 diet\u0119 \u2013 dzieci otrzymuj\u0105 <strong>3 posi\u0142ki dziennie<\/strong>, dostosowane do ich potrzeb i wieku.<\/p><p>W Klubie Malucha \u201ePod S\u0142oneczkiem\u201d ka\u017cde dziecko jest wa\u017cne. Tworzymy miejsce pe\u0142ne ciep\u0142a, u\u015bmiechu i zrozumienia \u2013 idealne na rozpocz\u0119cie przygody z edukacj\u0105 i samodzielno\u015bci\u0105.<\/p>\t\t\t\t\t\t\t\t<\/div>\n\t\t\t\t\t<\/div>\n\t\t\t\t<\/div>\n\t\t\t\t<\/div>\n\t\t","protected":false},"excerpt":{"rendered":"<p>Klub Malucha \u201ePod S\u0142oneczkiem\u201d Pierwsze kroki w \u015bwiecie rado\u015bci, zabawy i rozwoju! Klub Malucha \u201ePod S\u0142oneczkiem\u201d to wyj\u0105tkowe miejsce stworzone z my\u015bl\u0105 o najm\u0142odszych \u2013 zapraszamy dzieci ju\u017c od 1. roku \u017cycia do 2,5 lat. To tutaj maluszki stawiaj\u0105 swoje pierwsze kroki poza domem, ucz\u0105c si\u0119 samodzielno\u015bci, nawi\u0105zuj\u0105c relacje z<\/p>\n","protected":false},"author":1,"featured_media":0,"parent":0,"menu_order":0,"comment_status":"closed","ping_status":"closed","template":"","meta":{"ngg_post_thumbnail":0,"footnotes":""},"class_list":["post-34","page","type-page","status-publish","hentry"],"_links":{"self":[{"href":"https:\/\/www.sloneczko-przedszkole.com.pl\/siekierki\/wp-json\/wp\/v2\/pages\/34","targetHints":{"allow":["GET"]}}],"collection":[{"href":"https:\/\/www.sloneczko-przedszkole.com.pl\/siekierki\/wp-json\/wp\/v2\/pages"}],"about":[{"href":"https:\/\/www.sloneczko-przedszkole.com.pl\/siekierki\/wp-json\/wp\/v2\/types\/page"}],"author":[{"embeddable":true,"href":"https:\/\/www.sloneczko-przedszkole.com.pl\/siekierki\/wp-json\/wp\/v2\/users\/1"}],"replies":[{"embeddable":true,"href":"https:\/\/www.sloneczko-przedszkole.com.pl\/siekierki\/wp-json\/wp\/v2\/comments?post=34"}],"version-history":[{"count":5,"href":"https:\/\/www.sloneczko-przedszkole.com.pl\/siekierki\/wp-json\/wp\/v2\/pages\/34\/revisions"}],"predecessor-version":[{"id":99,"href":"https:\/\/www.sloneczko-przedszkole.com.pl\/siekierki\/wp-json\/wp\/v2\/pages\/34\/revisions\/99"}],"wp:attachment":[{"href":"https:\/\/www.sloneczko-przedszkole.com.pl\/siekierki\/wp-json\/wp\/v2\/media?parent=34"}],"curies":[{"name":"wp","href":"https:\/\/api.w.org\/{rel}","templated":true}]}}